{"id":1355,"date":"2024-09-19T19:41:25","date_gmt":"2024-09-19T16:41:25","guid":{"rendered":"https:\/\/post-peak.com\/our-philosophy\/"},"modified":"2025-09-08T15:32:48","modified_gmt":"2025-09-08T12:32:48","slug":"musu-filosofija","status":"publish","type":"page","link":"https:\/\/postpeak.abyssoft.tech\/lt\/musu-filosofija\/","title":{"rendered":"M\u016bs\u0173 filosofija"},"content":{"rendered":"\n\n<section id=\"text-block\" class=\"text-block web-section\">\n\t<div class=\"container\">\n\t\t\t\t\t<div class=\"text-block__item\">\n               <h3 style=\"text-align: center;\">Apie mus<\/h3>\n<p>&nbsp;<\/p>\n<p data-start=\"72\" data-end=\"387\">Gyventi visavert\u012f gyvenim\u0105 rei\u0161kia priimti kiekvien\u0105 patirt\u012f su energija ir entuziazmu. Mes suprantame, kaip svarbu tinkamai atsigauti, kad gal\u0117tum\u0117te m\u0117gautis gyvenimu be kompromis\u0173. B\u016btent tod\u0117l m\u016bs\u0173 produktai sukurti taip, kad palaikyt\u0173 nat\u016bral\u0173 organizmo atsistatymo proces\u0105 ir pad\u0117t\u0173 visuomet jaustis geriausiai.<\/p>\n<p data-start=\"389\" data-end=\"798\">M\u016bs\u0173 prioritetai \u2013 kokyb\u0117, patogumas ir efektyvumas. Mokslo pagalba sukurti papildai padeda i\u0161laikyti pusiausvyr\u0105 ir energij\u0105, kad b\u016btum\u0117te pasiruo\u0161\u0119 visiems gyvenimo i\u0161\u0161\u016bkiams. Pasitik\u0117dami m\u016bs\u0173 produktais gausite vis\u0105 reikiam\u0105 pagalb\u0105 organizmui atsistatymui ir aktyvaus gyvenimo b\u016bdo palaikymui. M\u0117gaukit\u0117s gyvenimu, atgaukite energij\u0105 ir b\u016bkite pasiruo\u0161\u0119 naujam nuotykiui.<\/p>\n            <\/div>\n\t\t\t<\/div>\n<\/section>\n\n\n\n<section id=\"black-block\" class=\"black-block web-section\">\n\t<div class=\"container\">\n\t\t\t\t\t<div class=\"black-block__item\">\n\t\t\t\t<h3 style=\"text-align: center;\"><span style=\"color: #f4917c;\">Post-Peak Vitaminai<\/span><\/h3>\n<p>&nbsp;<\/p>\n<p><strong data-start=\"182\" data-end=\"195\">Post-peak<\/strong> \u2013 tai maisto papildas, padedantis k\u016bnui atsigauti po intensyvios veiklos ar nakties reive. Jis ne tik suteikia energijos, bet ir padeda atkurti nat\u016brali\u0105 organizmo pusiausvyr\u0105. Unikalioje sud\u0117tyje \u2013 31 moksli\u0161kai pagr\u012fstas maistinis elementas ir nat\u016bral\u016bs ekstraktai, kurie gr\u0105\u017eina prarastus mineralus, suteikia gyvybingumo ir ma\u017eina nuovarg\u012f.<\/p>\n<p>&nbsp;<\/p>\n<h3 style=\"text-align: center;\"><span style=\"color: #b783b8;\">Dance Balance Gelis<\/span><\/h3>\n<p>&nbsp;<\/p>\n<p><strong data-start=\"542\" data-end=\"559\">Dance Balance<\/strong> \u2013 gelio formos papildas, kuris padeda atsigauti ir neprarasti energijos vakar\u0117liuose, festivaliuose ar po j\u0173. Jo sud\u0117tyje yra 29 veikliosios med\u017eiagos ir nat\u016bral\u016bs ekstraktai, padedantys atkurti prarastus mineralus, ma\u017einti oksidacin\u012f stres\u0105 ir gerinti susitelkim\u0105. Patogi gelio forma nereikalauja vandens, tod\u0117l j\u012f paprasta vartoti spontani\u0161kai \u2013 klubuose, festivaliuose ar bet kurioje kitoje vietoje.<\/p>\n\t\t\t<\/div>\n\t\t\t<\/div>\n    <img loading=\"lazy\" decoding=\"async\" class=\"bottom-lines\" src=\"https:\/\/postpeak.abyssoft.tech\/wp-content\/themes\/itbrolis\/images\/BG_2.svg\" alt=\"Lines Bg\" width=\"1436\" height=\"115\">\n<\/section>\n\n\n\n<section id=\"gallery\" class=\"gallery web-section\">\n\t<div class=\"container\">\n\t\t\t\t\t<div class=\"gallery-images popup-gallery grid-2\">\n\t\t\t\t\t\t\t\t\t<a href=\"https:\/\/postpeak.abyssoft.tech\/wp-content\/uploads\/2024\/09\/7.png\">\n\t\t\t\t\t\t<img loading=\"lazy\" decoding=\"async\" width=\"624\" height=\"585\" src=\"https:\/\/postpeak.abyssoft.tech\/wp-content\/uploads\/2024\/09\/7.png\" class=\"attachment-full size-full\" alt=\"\" srcset=\"https:\/\/postpeak.abyssoft.tech\/wp-content\/uploads\/2024\/09\/7.png 624w, https:\/\/postpeak.abyssoft.tech\/wp-content\/uploads\/2024\/09\/7-300x281.png 300w, https:\/\/postpeak.abyssoft.tech\/wp-content\/uploads\/2024\/09\/7-10x10.png 10w, https:\/\/postpeak.abyssoft.tech\/wp-content\/uploads\/2024\/09\/7-600x563.png 600w\" sizes=\"auto, (max-width: 624px) 100vw, 624px\" \/>\t\t\t\t\t<\/a>\n\t\t\t\t\t\t\t\t\t<a href=\"https:\/\/postpeak.abyssoft.tech\/wp-content\/uploads\/2024\/09\/6.png\">\n\t\t\t\t\t\t<img loading=\"lazy\" decoding=\"async\" width=\"624\" height=\"586\" src=\"https:\/\/postpeak.abyssoft.tech\/wp-content\/uploads\/2024\/09\/6.png\" class=\"attachment-full size-full\" alt=\"\" srcset=\"https:\/\/postpeak.abyssoft.tech\/wp-content\/uploads\/2024\/09\/6.png 624w, https:\/\/postpeak.abyssoft.tech\/wp-content\/uploads\/2024\/09\/6-300x282.png 300w, https:\/\/postpeak.abyssoft.tech\/wp-content\/uploads\/2024\/09\/6-10x10.png 10w, https:\/\/postpeak.abyssoft.tech\/wp-content\/uploads\/2024\/09\/6-600x563.png 600w\" sizes=\"auto, (max-width: 624px) 100vw, 624px\" \/>\t\t\t\t\t<\/a>\n\t\t\t\t\t\t\t\t\t<a href=\"https:\/\/postpeak.abyssoft.tech\/wp-content\/uploads\/2024\/09\/4.png\">\n\t\t\t\t\t\t<img loading=\"lazy\" decoding=\"async\" width=\"623\" height=\"586\" src=\"https:\/\/postpeak.abyssoft.tech\/wp-content\/uploads\/2024\/09\/4.png\" class=\"attachment-full size-full\" alt=\"\" srcset=\"https:\/\/postpeak.abyssoft.tech\/wp-content\/uploads\/2024\/09\/4.png 623w, https:\/\/postpeak.abyssoft.tech\/wp-content\/uploads\/2024\/09\/4-300x282.png 300w, https:\/\/postpeak.abyssoft.tech\/wp-content\/uploads\/2024\/09\/4-10x10.png 10w, https:\/\/postpeak.abyssoft.tech\/wp-content\/uploads\/2024\/09\/4-600x564.png 600w\" sizes=\"auto, (max-width: 623px) 100vw, 623px\" \/>\t\t\t\t\t<\/a>\n\t\t\t\t\t\t\t\t\t<a href=\"https:\/\/postpeak.abyssoft.tech\/wp-content\/uploads\/2024\/09\/3.png\">\n\t\t\t\t\t\t<img loading=\"lazy\" decoding=\"async\" width=\"624\" height=\"586\" src=\"https:\/\/postpeak.abyssoft.tech\/wp-content\/uploads\/2024\/09\/3.png\" class=\"attachment-full size-full\" alt=\"\" srcset=\"https:\/\/postpeak.abyssoft.tech\/wp-content\/uploads\/2024\/09\/3.png 624w, https:\/\/postpeak.abyssoft.tech\/wp-content\/uploads\/2024\/09\/3-300x282.png 300w, https:\/\/postpeak.abyssoft.tech\/wp-content\/uploads\/2024\/09\/3-10x10.png 10w, https:\/\/postpeak.abyssoft.tech\/wp-content\/uploads\/2024\/09\/3-600x563.png 600w\" sizes=\"auto, (max-width: 624px) 100vw, 624px\" \/>\t\t\t\t\t<\/a>\n\t\t\t\t\t\t\t\t\t<a href=\"https:\/\/postpeak.abyssoft.tech\/wp-content\/uploads\/2024\/09\/2.png\">\n\t\t\t\t\t\t<img loading=\"lazy\" decoding=\"async\" width=\"624\" height=\"586\" src=\"https:\/\/postpeak.abyssoft.tech\/wp-content\/uploads\/2024\/09\/2.png\" class=\"attachment-full size-full\" alt=\"\" srcset=\"https:\/\/postpeak.abyssoft.tech\/wp-content\/uploads\/2024\/09\/2.png 624w, https:\/\/postpeak.abyssoft.tech\/wp-content\/uploads\/2024\/09\/2-300x282.png 300w, https:\/\/postpeak.abyssoft.tech\/wp-content\/uploads\/2024\/09\/2-10x10.png 10w, https:\/\/postpeak.abyssoft.tech\/wp-content\/uploads\/2024\/09\/2-600x563.png 600w\" sizes=\"auto, (max-width: 624px) 100vw, 624px\" \/>\t\t\t\t\t<\/a>\n\t\t\t\t\t\t\t\t\t<a href=\"https:\/\/postpeak.abyssoft.tech\/wp-content\/uploads\/2024\/09\/1.png\">\n\t\t\t\t\t\t<img loading=\"lazy\" decoding=\"async\" width=\"624\" height=\"586\" src=\"https:\/\/postpeak.abyssoft.tech\/wp-content\/uploads\/2024\/09\/1.png\" class=\"attachment-full size-full\" alt=\"\" srcset=\"https:\/\/postpeak.abyssoft.tech\/wp-content\/uploads\/2024\/09\/1.png 624w, https:\/\/postpeak.abyssoft.tech\/wp-content\/uploads\/2024\/09\/1-300x282.png 300w, https:\/\/postpeak.abyssoft.tech\/wp-content\/uploads\/2024\/09\/1-10x10.png 10w, https:\/\/postpeak.abyssoft.tech\/wp-content\/uploads\/2024\/09\/1-600x563.png 600w\" sizes=\"auto, (max-width: 624px) 100vw, 624px\" \/>\t\t\t\t\t<\/a>\n\t\t\t\t\t\t\t\t\t<a href=\"https:\/\/postpeak.abyssoft.tech\/wp-content\/uploads\/2024\/11\/picture-1.png\">\n\t\t\t\t\t\t<img loading=\"lazy\" decoding=\"async\" width=\"624\" height=\"586\" src=\"https:\/\/postpeak.abyssoft.tech\/wp-content\/uploads\/2024\/11\/picture-1.png\" class=\"attachment-full size-full\" alt=\"\" srcset=\"https:\/\/postpeak.abyssoft.tech\/wp-content\/uploads\/2024\/11\/picture-1.png 624w, https:\/\/postpeak.abyssoft.tech\/wp-content\/uploads\/2024\/11\/picture-1-300x282.png 300w, https:\/\/postpeak.abyssoft.tech\/wp-content\/uploads\/2024\/11\/picture-1-10x10.png 10w, https:\/\/postpeak.abyssoft.tech\/wp-content\/uploads\/2024\/11\/picture-1-600x563.png 600w\" sizes=\"auto, (max-width: 624px) 100vw, 624px\" \/>\t\t\t\t\t<\/a>\n\t\t\t\t\t\t\t\t\t<a href=\"https:\/\/postpeak.abyssoft.tech\/wp-content\/uploads\/2024\/11\/picture.png\">\n\t\t\t\t\t\t<img loading=\"lazy\" decoding=\"async\" width=\"624\" height=\"586\" src=\"https:\/\/postpeak.abyssoft.tech\/wp-content\/uploads\/2024\/11\/picture.png\" class=\"attachment-full size-full\" alt=\"\" srcset=\"https:\/\/postpeak.abyssoft.tech\/wp-content\/uploads\/2024\/11\/picture.png 624w, https:\/\/postpeak.abyssoft.tech\/wp-content\/uploads\/2024\/11\/picture-300x282.png 300w, https:\/\/postpeak.abyssoft.tech\/wp-content\/uploads\/2024\/11\/picture-10x10.png 10w, https:\/\/postpeak.abyssoft.tech\/wp-content\/uploads\/2024\/11\/picture-600x563.png 600w\" sizes=\"auto, (max-width: 624px) 100vw, 624px\" \/>\t\t\t\t\t<\/a>\n\t\t\t\t\t\t\t<\/div>\n\t\t\t<\/div>\n<\/section>","protected":false},"excerpt":{"rendered":"","protected":false},"author":1,"featured_media":0,"parent":0,"menu_order":0,"comment_status":"closed","ping_status":"closed","template":"","meta":{"_acf_changed":false,"footnotes":""},"class_list":["post-1355","page","type-page","status-publish","hentry"],"acf":[],"yoast_head":"<!-- This site is optimized with the Yoast SEO plugin v25.9 - https:\/\/yoast.com\/wordpress\/plugins\/seo\/ -->\n<title>M\u016bs\u0173 filosofija - Post-Peak<\/title>\n<meta name=\"description\" content=\"Live actively and without compromises with scientifically backed recovery supplements. Support recovery after a rave and maintain your lifestyle.\" \/>\n<meta name=\"robots\" content=\"index, follow, max-snippet:-1, max-image-preview:large, max-video-preview:-1\" \/>\n<link rel=\"canonical\" href=\"https:\/\/postpeak.abyssoft.tech\/lt\/musu-filosofija\/\" \/>\n<meta property=\"og:locale\" content=\"lt_LT\" \/>\n<meta property=\"og:type\" content=\"article\" \/>\n<meta property=\"og:title\" content=\"M\u016bs\u0173 filosofija - Post-Peak\" \/>\n<meta property=\"og:description\" content=\"Live actively and without compromises with scientifically backed recovery supplements. Support recovery after a rave and maintain your lifestyle.\" \/>\n<meta property=\"og:url\" content=\"https:\/\/postpeak.abyssoft.tech\/lt\/musu-filosofija\/\" \/>\n<meta property=\"og:site_name\" content=\"Post-Peak\" \/>\n<meta property=\"article:modified_time\" content=\"2025-09-08T12:32:48+00:00\" \/>\n<meta name=\"twitter:card\" content=\"summary_large_image\" \/>\n<script type=\"application\/ld+json\" class=\"yoast-schema-graph\">{\"@context\":\"https:\/\/schema.org\",\"@graph\":[{\"@type\":\"WebPage\",\"@id\":\"https:\/\/postpeak.abyssoft.tech\/lt\/musu-filosofija\/\",\"url\":\"https:\/\/postpeak.abyssoft.tech\/lt\/musu-filosofija\/\",\"name\":\"M\u016bs\u0173 filosofija - Post-Peak\",\"isPartOf\":{\"@id\":\"https:\/\/postpeak.abyssoft.tech\/#website\"},\"datePublished\":\"2024-09-19T16:41:25+00:00\",\"dateModified\":\"2025-09-08T12:32:48+00:00\",\"description\":\"Live actively and without compromises with scientifically backed recovery supplements. Support recovery after a rave and maintain your lifestyle.\",\"breadcrumb\":{\"@id\":\"https:\/\/postpeak.abyssoft.tech\/lt\/musu-filosofija\/#breadcrumb\"},\"inLanguage\":\"lt-LT\",\"potentialAction\":[{\"@type\":\"ReadAction\",\"target\":[\"https:\/\/postpeak.abyssoft.tech\/lt\/musu-filosofija\/\"]}]},{\"@type\":\"BreadcrumbList\",\"@id\":\"https:\/\/postpeak.abyssoft.tech\/lt\/musu-filosofija\/#breadcrumb\",\"itemListElement\":[{\"@type\":\"ListItem\",\"position\":1,\"name\":\"Namai\",\"item\":\"https:\/\/postpeak.abyssoft.tech\/lt\/\"},{\"@type\":\"ListItem\",\"position\":2,\"name\":\"M\u016bs\u0173 filosofija\"}]},{\"@type\":\"WebSite\",\"@id\":\"https:\/\/postpeak.abyssoft.tech\/#website\",\"url\":\"https:\/\/postpeak.abyssoft.tech\/\",\"name\":\"Post-Peak\",\"description\":\"Joki\u0173 pagiri\u0173\",\"potentialAction\":[{\"@type\":\"SearchAction\",\"target\":{\"@type\":\"EntryPoint\",\"urlTemplate\":\"https:\/\/postpeak.abyssoft.tech\/?s={search_term_string}\"},\"query-input\":{\"@type\":\"PropertyValueSpecification\",\"valueRequired\":true,\"valueName\":\"search_term_string\"}}],\"inLanguage\":\"lt-LT\"}]}<\/script>\n<!-- \/ Yoast SEO plugin. -->","yoast_head_json":{"title":"M\u016bs\u0173 filosofija - Post-Peak","description":"Live actively and without compromises with scientifically backed recovery supplements. Support recovery after a rave and maintain your lifestyle.","robots":{"index":"index","follow":"follow","max-snippet":"max-snippet:-1","max-image-preview":"max-image-preview:large","max-video-preview":"max-video-preview:-1"},"canonical":"https:\/\/postpeak.abyssoft.tech\/lt\/musu-filosofija\/","og_locale":"lt_LT","og_type":"article","og_title":"M\u016bs\u0173 filosofija - Post-Peak","og_description":"Live actively and without compromises with scientifically backed recovery supplements. Support recovery after a rave and maintain your lifestyle.","og_url":"https:\/\/postpeak.abyssoft.tech\/lt\/musu-filosofija\/","og_site_name":"Post-Peak","article_modified_time":"2025-09-08T12:32:48+00:00","twitter_card":"summary_large_image","schema":{"@context":"https:\/\/schema.org","@graph":[{"@type":"WebPage","@id":"https:\/\/postpeak.abyssoft.tech\/lt\/musu-filosofija\/","url":"https:\/\/postpeak.abyssoft.tech\/lt\/musu-filosofija\/","name":"M\u016bs\u0173 filosofija - Post-Peak","isPartOf":{"@id":"https:\/\/postpeak.abyssoft.tech\/#website"},"datePublished":"2024-09-19T16:41:25+00:00","dateModified":"2025-09-08T12:32:48+00:00","description":"Live actively and without compromises with scientifically backed recovery supplements. Support recovery after a rave and maintain your lifestyle.","breadcrumb":{"@id":"https:\/\/postpeak.abyssoft.tech\/lt\/musu-filosofija\/#breadcrumb"},"inLanguage":"lt-LT","potentialAction":[{"@type":"ReadAction","target":["https:\/\/postpeak.abyssoft.tech\/lt\/musu-filosofija\/"]}]},{"@type":"BreadcrumbList","@id":"https:\/\/postpeak.abyssoft.tech\/lt\/musu-filosofija\/#breadcrumb","itemListElement":[{"@type":"ListItem","position":1,"name":"Namai","item":"https:\/\/postpeak.abyssoft.tech\/lt\/"},{"@type":"ListItem","position":2,"name":"M\u016bs\u0173 filosofija"}]},{"@type":"WebSite","@id":"https:\/\/postpeak.abyssoft.tech\/#website","url":"https:\/\/postpeak.abyssoft.tech\/","name":"Post-Peak","description":"Joki\u0173 pagiri\u0173","potentialAction":[{"@type":"SearchAction","target":{"@type":"EntryPoint","urlTemplate":"https:\/\/postpeak.abyssoft.tech\/?s={search_term_string}"},"query-input":{"@type":"PropertyValueSpecification","valueRequired":true,"valueName":"search_term_string"}}],"inLanguage":"lt-LT"}]}},"_links":{"self":[{"href":"https:\/\/postpeak.abyssoft.tech\/lt\/wp-json\/wp\/v2\/pages\/1355","targetHints":{"allow":["GET"]}}],"collection":[{"href":"https:\/\/postpeak.abyssoft.tech\/lt\/wp-json\/wp\/v2\/pages"}],"about":[{"href":"https:\/\/postpeak.abyssoft.tech\/lt\/wp-json\/wp\/v2\/types\/page"}],"author":[{"embeddable":true,"href":"https:\/\/postpeak.abyssoft.tech\/lt\/wp-json\/wp\/v2\/users\/1"}],"replies":[{"embeddable":true,"href":"https:\/\/postpeak.abyssoft.tech\/lt\/wp-json\/wp\/v2\/comments?post=1355"}],"version-history":[{"count":2,"href":"https:\/\/postpeak.abyssoft.tech\/lt\/wp-json\/wp\/v2\/pages\/1355\/revisions"}],"predecessor-version":[{"id":1543,"href":"https:\/\/postpeak.abyssoft.tech\/lt\/wp-json\/wp\/v2\/pages\/1355\/revisions\/1543"}],"wp:attachment":[{"href":"https:\/\/postpeak.abyssoft.tech\/lt\/wp-json\/wp\/v2\/media?parent=1355"}],"curies":[{"name":"wp","href":"https:\/\/api.w.org\/{rel}","templated":true}]}}