{"id":1448,"date":"2025-05-13T12:19:54","date_gmt":"2025-05-13T09:19:54","guid":{"rendered":"https:\/\/post-peak.com\/product\/mixed-recovery-kit\/"},"modified":"2025-09-26T12:40:33","modified_gmt":"2025-09-26T09:40:33","slug":"mixed-recovery-kit","status":"publish","type":"product","link":"https:\/\/postpeak.abyssoft.tech\/lt\/produktas\/mixed-recovery-kit\/","title":{"rendered":"Mixed Recovery Komplektas"},"content":{"rendered":"<ul>\n<li data-start=\"170\" data-end=\"255\">\n<p data-start=\"172\" data-end=\"255\"><strong data-start=\"172\" data-end=\"206\">Dvi atsistatymo formul\u0117s viename<\/strong>, kad gal\u0117tum nuspr\u0119sti, ko tavo k\u016bnui reikia labiausiai.<\/p>\n<\/li>\n<li data-start=\"256\" data-end=\"333\">\n<p data-start=\"258\" data-end=\"333\"><strong data-start=\"258\" data-end=\"281\">Skatina gil\u0173 mieg\u0105<\/strong> ir j\u0117g\u0173 atstatym\u0105 miego metu.<\/p>\n<\/li>\n<li data-start=\"334\" data-end=\"403\">\n<p data-start=\"336\" data-end=\"403\"><b>Atstato prarastus elektrolitus<\/b>, kad \u012f ritm\u0105 gr\u012f\u017etum grei\u010diau.<\/p>\n<\/li>\n<li data-start=\"404\" data-end=\"478\">\n<p data-start=\"406\" data-end=\"478\"><strong data-start=\"406\" data-end=\"436\">Nat\u016braliai pakelia seratonino lyg\u012f, <\/strong> nuotaikai ir pusiausvyrai palaikyti.<\/p>\n<\/li>\n<li data-start=\"479\" data-end=\"541\">\n<p data-start=\"481\" data-end=\"541\"><strong>Padeda palaikyti normali\u0105 smegen\u0173 veikl\u0105<\/strong> ir sustiprina koncentracij\u0105.<\/p>\n<\/li>\n<li data-start=\"542\" data-end=\"606\">\n<p data-start=\"544\" data-end=\"606\"><strong>Antioksidantai i\u0161valo organizm\u0105<\/strong> ir gr\u0105\u017eina pusiausvyr\u0105.<\/p>\n<\/li>\n<li data-start=\"607\" data-end=\"677\">\n<p data-start=\"609\" data-end=\"677\"><strong>Palengvina vir\u0161kinim\u0105<\/strong> ir suma\u017eina pilvo p\u016btim\u0105 ar diskomfort\u0105 po vakar\u0117lio.<\/p>\n<\/li>\n<li data-start=\"678\" data-end=\"753\">\n<p data-start=\"680\" data-end=\"753\"><strong>Suteikia energijos ir atkuria pusiausvyr\u0105<\/strong>, nesvarbu rytas ar vakaras.<\/p>\n<\/li>\n<\/ul>\n","protected":false},"excerpt":{"rendered":"<p data-start=\"250\" data-end=\"282\"><strong>I\u0161bandyk abu. Atrask savo ritm\u0105.<\/strong><\/p>\n<p data-start=\"284\" data-end=\"458\">Ne\u017einai, kuri atsistatymo formul\u0117 tau labiausiai tinka? \u0160is rinkinys leid\u017eia i\u0161bandyti abi \u2013 <em data-start=\"213\" data-end=\"241\">Dance Balance Recovery <\/em>gel\u012f ir <em data-start=\"245\" data-end=\"256\">Post-Peak<\/em> vitaminus viename rinkinyje.<\/p>\n<p data-start=\"460\" data-end=\"689\">Puikus pasirinkimas pirmam kartui ar kaip apgalvota dovana vakar\u0117lio draugams, <em>Mixed Recovery Kit<\/em> sukurtas balansui. Nesvarbu, ar \u0161okai iki saul\u0117tekio, ar tiesiog reikia visapusi\u0161ko <em>restarto<\/em>, \u0161ie produktai apr\u016bpina tavo k\u016bn\u0105 maistin\u0117mis med\u017eiagomis, kurios padeda pails\u0117ti, atsigauti ir v\u0117l pasijusti pasiruo\u0161us.<\/p>\n<p><strong>Papildai taip pat padeda atsigauti <span style=\"text-decoration: underline;\">po vakar\u0117li\u0173, alkoholio, kelioni\u0173, bemiegi\u0173 nakt\u0173, treniruo\u010di\u0173 ar bet kokios sunkesn\u0117s dienos<\/span>.<\/strong><\/p>\n","protected":false},"featured_media":1414,"template":"","meta":{"_acf_changed":false},"product_brand":[],"product_cat":[55],"product_tag":[],"class_list":{"0":"post-1448","1":"product","2":"type-product","3":"status-publish","4":"has-post-thumbnail","6":"product_cat-produktai","8":"first","9":"instock","10":"taxable","11":"shipping-taxable","12":"purchasable","13":"product-type-variable"},"acf":[],"yoast_head":"<!-- This site is optimized with the Yoast SEO plugin v25.9 - https:\/\/yoast.com\/wordpress\/plugins\/seo\/ -->\n<title>Mixed Recovery Komplektas - Post-Peak<\/title>\n<meta name=\"description\" content=\"After-rave recovery gel before sleep with carefully selected ingredients to support balance, relaxation, and well-being for ravers after an intense night.\" \/>\n<meta name=\"robots\" content=\"index, follow, max-snippet:-1, max-image-preview:large, max-video-preview:-1\" \/>\n<link rel=\"canonical\" href=\"https:\/\/postpeak.abyssoft.tech\/lt\/produktas\/mixed-recovery-kit\/\" \/>\n<meta property=\"og:locale\" content=\"lt_LT\" \/>\n<meta property=\"og:type\" content=\"article\" \/>\n<meta property=\"og:title\" content=\"Mixed Recovery Komplektas - Post-Peak\" \/>\n<meta property=\"og:description\" content=\"After-rave recovery gel before sleep with carefully selected ingredients to support balance, relaxation, and well-being for ravers after an intense night.\" \/>\n<meta property=\"og:url\" content=\"https:\/\/postpeak.abyssoft.tech\/lt\/produktas\/mixed-recovery-kit\/\" \/>\n<meta property=\"og:site_name\" content=\"Post-Peak\" \/>\n<meta property=\"article:modified_time\" content=\"2025-09-26T09:40:33+00:00\" \/>\n<meta property=\"og:image\" content=\"https:\/\/postpeak.abyssoft.tech\/wp-content\/uploads\/2025\/05\/Mixed-recovery-kit-888x1024.png\" \/>\n\t<meta property=\"og:image:width\" content=\"888\" \/>\n\t<meta property=\"og:image:height\" content=\"1024\" \/>\n\t<meta property=\"og:image:type\" content=\"image\/png\" \/>\n<meta name=\"twitter:card\" content=\"summary_large_image\" \/>\n<meta name=\"twitter:label1\" content=\"Numatytas skaitymo laikas\" \/>\n\t<meta name=\"twitter:data1\" content=\"1 minut\u0117\" \/>\n<script type=\"application\/ld+json\" class=\"yoast-schema-graph\">{\"@context\":\"https:\/\/schema.org\",\"@graph\":[{\"@type\":\"WebPage\",\"@id\":\"https:\/\/postpeak.abyssoft.tech\/lt\/produktas\/mixed-recovery-kit\/\",\"url\":\"https:\/\/postpeak.abyssoft.tech\/lt\/produktas\/mixed-recovery-kit\/\",\"name\":\"Mixed Recovery Komplektas - Post-Peak\",\"isPartOf\":{\"@id\":\"https:\/\/postpeak.abyssoft.tech\/#website\"},\"primaryImageOfPage\":{\"@id\":\"https:\/\/postpeak.abyssoft.tech\/lt\/produktas\/mixed-recovery-kit\/#primaryimage\"},\"image\":{\"@id\":\"https:\/\/postpeak.abyssoft.tech\/lt\/produktas\/mixed-recovery-kit\/#primaryimage\"},\"thumbnailUrl\":\"https:\/\/postpeak.abyssoft.tech\/wp-content\/uploads\/2025\/05\/Mixed-recovery-kit.png\",\"datePublished\":\"2025-05-13T09:19:54+00:00\",\"dateModified\":\"2025-09-26T09:40:33+00:00\",\"description\":\"After-rave recovery gel before sleep with carefully selected ingredients to support balance, relaxation, and well-being for ravers after an intense night.\",\"breadcrumb\":{\"@id\":\"https:\/\/postpeak.abyssoft.tech\/lt\/produktas\/mixed-recovery-kit\/#breadcrumb\"},\"inLanguage\":\"lt-LT\",\"potentialAction\":[{\"@type\":\"ReadAction\",\"target\":[\"https:\/\/postpeak.abyssoft.tech\/lt\/produktas\/mixed-recovery-kit\/\"]}]},{\"@type\":\"ImageObject\",\"inLanguage\":\"lt-LT\",\"@id\":\"https:\/\/postpeak.abyssoft.tech\/lt\/produktas\/mixed-recovery-kit\/#primaryimage\",\"url\":\"https:\/\/postpeak.abyssoft.tech\/wp-content\/uploads\/2025\/05\/Mixed-recovery-kit.png\",\"contentUrl\":\"https:\/\/postpeak.abyssoft.tech\/wp-content\/uploads\/2025\/05\/Mixed-recovery-kit.png\",\"width\":1747,\"height\":2015},{\"@type\":\"BreadcrumbList\",\"@id\":\"https:\/\/postpeak.abyssoft.tech\/lt\/produktas\/mixed-recovery-kit\/#breadcrumb\",\"itemListElement\":[{\"@type\":\"ListItem\",\"position\":1,\"name\":\"Namai\",\"item\":\"https:\/\/postpeak.abyssoft.tech\/lt\/\"},{\"@type\":\"ListItem\",\"position\":2,\"name\":\"Parduotuv\u0117\",\"item\":\"https:\/\/postpeak.abyssoft.tech\/lt\/pparduotuve\/\"},{\"@type\":\"ListItem\",\"position\":3,\"name\":\"Mixed Recovery Komplektas\"}]},{\"@type\":\"WebSite\",\"@id\":\"https:\/\/postpeak.abyssoft.tech\/#website\",\"url\":\"https:\/\/postpeak.abyssoft.tech\/\",\"name\":\"Post-Peak\",\"description\":\"Joki\u0173 pagiri\u0173\",\"potentialAction\":[{\"@type\":\"SearchAction\",\"target\":{\"@type\":\"EntryPoint\",\"urlTemplate\":\"https:\/\/postpeak.abyssoft.tech\/?s={search_term_string}\"},\"query-input\":{\"@type\":\"PropertyValueSpecification\",\"valueRequired\":true,\"valueName\":\"search_term_string\"}}],\"inLanguage\":\"lt-LT\"}]}<\/script>\n<!-- \/ Yoast SEO plugin. -->","yoast_head_json":{"title":"Mixed Recovery Komplektas - Post-Peak","description":"After-rave recovery gel before sleep with carefully selected ingredients to support balance, relaxation, and well-being for ravers after an intense night.","robots":{"index":"index","follow":"follow","max-snippet":"max-snippet:-1","max-image-preview":"max-image-preview:large","max-video-preview":"max-video-preview:-1"},"canonical":"https:\/\/postpeak.abyssoft.tech\/lt\/produktas\/mixed-recovery-kit\/","og_locale":"lt_LT","og_type":"article","og_title":"Mixed Recovery Komplektas - Post-Peak","og_description":"After-rave recovery gel before sleep with carefully selected ingredients to support balance, relaxation, and well-being for ravers after an intense night.","og_url":"https:\/\/postpeak.abyssoft.tech\/lt\/produktas\/mixed-recovery-kit\/","og_site_name":"Post-Peak","article_modified_time":"2025-09-26T09:40:33+00:00","og_image":[{"width":888,"height":1024,"url":"https:\/\/postpeak.abyssoft.tech\/wp-content\/uploads\/2025\/05\/Mixed-recovery-kit-888x1024.png","type":"image\/png"}],"twitter_card":"summary_large_image","twitter_misc":{"Numatytas skaitymo laikas":"1 minut\u0117"},"schema":{"@context":"https:\/\/schema.org","@graph":[{"@type":"WebPage","@id":"https:\/\/postpeak.abyssoft.tech\/lt\/produktas\/mixed-recovery-kit\/","url":"https:\/\/postpeak.abyssoft.tech\/lt\/produktas\/mixed-recovery-kit\/","name":"Mixed Recovery Komplektas - Post-Peak","isPartOf":{"@id":"https:\/\/postpeak.abyssoft.tech\/#website"},"primaryImageOfPage":{"@id":"https:\/\/postpeak.abyssoft.tech\/lt\/produktas\/mixed-recovery-kit\/#primaryimage"},"image":{"@id":"https:\/\/postpeak.abyssoft.tech\/lt\/produktas\/mixed-recovery-kit\/#primaryimage"},"thumbnailUrl":"https:\/\/postpeak.abyssoft.tech\/wp-content\/uploads\/2025\/05\/Mixed-recovery-kit.png","datePublished":"2025-05-13T09:19:54+00:00","dateModified":"2025-09-26T09:40:33+00:00","description":"After-rave recovery gel before sleep with carefully selected ingredients to support balance, relaxation, and well-being for ravers after an intense night.","breadcrumb":{"@id":"https:\/\/postpeak.abyssoft.tech\/lt\/produktas\/mixed-recovery-kit\/#breadcrumb"},"inLanguage":"lt-LT","potentialAction":[{"@type":"ReadAction","target":["https:\/\/postpeak.abyssoft.tech\/lt\/produktas\/mixed-recovery-kit\/"]}]},{"@type":"ImageObject","inLanguage":"lt-LT","@id":"https:\/\/postpeak.abyssoft.tech\/lt\/produktas\/mixed-recovery-kit\/#primaryimage","url":"https:\/\/postpeak.abyssoft.tech\/wp-content\/uploads\/2025\/05\/Mixed-recovery-kit.png","contentUrl":"https:\/\/postpeak.abyssoft.tech\/wp-content\/uploads\/2025\/05\/Mixed-recovery-kit.png","width":1747,"height":2015},{"@type":"BreadcrumbList","@id":"https:\/\/postpeak.abyssoft.tech\/lt\/produktas\/mixed-recovery-kit\/#breadcrumb","itemListElement":[{"@type":"ListItem","position":1,"name":"Namai","item":"https:\/\/postpeak.abyssoft.tech\/lt\/"},{"@type":"ListItem","position":2,"name":"Parduotuv\u0117","item":"https:\/\/postpeak.abyssoft.tech\/lt\/pparduotuve\/"},{"@type":"ListItem","position":3,"name":"Mixed Recovery Komplektas"}]},{"@type":"WebSite","@id":"https:\/\/postpeak.abyssoft.tech\/#website","url":"https:\/\/postpeak.abyssoft.tech\/","name":"Post-Peak","description":"Joki\u0173 pagiri\u0173","potentialAction":[{"@type":"SearchAction","target":{"@type":"EntryPoint","urlTemplate":"https:\/\/postpeak.abyssoft.tech\/?s={search_term_string}"},"query-input":{"@type":"PropertyValueSpecification","valueRequired":true,"valueName":"search_term_string"}}],"inLanguage":"lt-LT"}]}},"_links":{"self":[{"href":"https:\/\/postpeak.abyssoft.tech\/lt\/wp-json\/wp\/v2\/product\/1448","targetHints":{"allow":["GET"]}}],"collection":[{"href":"https:\/\/postpeak.abyssoft.tech\/lt\/wp-json\/wp\/v2\/product"}],"about":[{"href":"https:\/\/postpeak.abyssoft.tech\/lt\/wp-json\/wp\/v2\/types\/product"}],"wp:featuredmedia":[{"embeddable":true,"href":"https:\/\/postpeak.abyssoft.tech\/lt\/wp-json\/wp\/v2\/media\/1414"}],"wp:attachment":[{"href":"https:\/\/postpeak.abyssoft.tech\/lt\/wp-json\/wp\/v2\/media?parent=1448"}],"wp:term":[{"taxonomy":"product_brand","embeddable":true,"href":"https:\/\/postpeak.abyssoft.tech\/lt\/wp-json\/wp\/v2\/product_brand?post=1448"},{"taxonomy":"product_cat","embeddable":true,"href":"https:\/\/postpeak.abyssoft.tech\/lt\/wp-json\/wp\/v2\/product_cat?post=1448"},{"taxonomy":"product_tag","embeddable":true,"href":"https:\/\/postpeak.abyssoft.tech\/lt\/wp-json\/wp\/v2\/product_tag?post=1448"}],"curies":[{"name":"wp","href":"https:\/\/api.w.org\/{rel}","templated":true}]}}