{"id":1452,"date":"2024-09-19T09:08:25","date_gmt":"2024-09-19T06:08:25","guid":{"rendered":"https:\/\/post-peak.com\/product\/dance-balance-gel\/"},"modified":"2025-11-12T19:52:37","modified_gmt":"2025-11-12T16:52:37","slug":"dance-balance-gelis","status":"publish","type":"product","link":"https:\/\/postpeak.abyssoft.tech\/lt\/produktas\/dance-balance-gelis\/","title":{"rendered":"After-Rave Recovery gelis (prie\u0161 mieg\u0105)"},"content":{"rendered":"<ul>\n<li><strong>Greitai atkuria b\u016btinus elektrolitus<\/strong> ir padeda i\u0161vengti nuovargio.<\/li>\n<li><strong>Pakelia serotonino lyg\u012f<\/strong> \u2013 geresnei nuotaikai ir emocinei pusiausvyrai.<\/li>\n<li><strong>Padeda palaikyti normali\u0105 smegen\u0173 veikl\u0105 <\/strong>ir grei\u010diau atsistatyti po intensyvios veiklos.<\/li>\n<li><span style=\"font-weight: 400;\"><strong>Antioksidantai valo organizm\u0105<\/strong> ir padeda jam atsinaujinti.<\/span><\/li>\n<li><strong>Lengvina vir\u0161kinim\u0105<\/strong> ir slopina u\u017edegim\u0105, gerindamas bendr\u0105 savijaut\u0105.<\/li>\n<li><strong>Atkuria energij\u0105<\/strong> ir leid\u017eia grei\u010diau atsigauti po reivo.<\/li>\n<\/ul>\n","protected":false},"excerpt":{"rendered":"<p><strong data-start=\"208\" data-end=\"255\">Veiksmingas, maistingomis med\u017eiagomis prisotintas gelis<\/strong>, kuris padeda atsigauti po intensyvi\u0173 reivo nakt\u0173. Jis palaiko tavo k\u016bno nat\u016bral\u0173 atsistatym\u0105, kad ryte jaustumeisi gerai ir b\u016btum pasiruo\u0161\u0119s naujai dienai. Su maloniu bra\u0161ki\u0173 skoniu \u2013 tai patogus ir skanus b\u016bdas greitai papildyti j\u0117gas, kad ir kur beb\u016btum.<\/p>\n<p><strong>Puikus pasirinkimas <span style=\"text-decoration: underline;\">po reivo, sunkaus vakaro, ilgo skryd\u017eio, bemieg\u0117s nakties, treniruot\u0117s ar tiesiog dienos<\/span>, kai atidavei visas savo j\u0117gas.<\/strong><\/p>\n<p>&nbsp;<\/p>\n<p><strong>VARTOJIMAS<\/strong><\/p>\n<p>Itin paprasta: atidaryk ir i\u0161gerk <strong>vien\u0105 pakel\u012f<\/strong> prie\u0161 mieg\u0105. Nereikia net vandens!<\/p>\n","protected":false},"featured_media":1384,"template":"","meta":{"_acf_changed":false},"product_brand":[],"product_cat":[55],"product_tag":[],"class_list":{"0":"post-1452","1":"product","2":"type-product","3":"status-publish","4":"has-post-thumbnail","6":"product_cat-produktai","8":"first","9":"instock","10":"taxable","11":"shipping-taxable","12":"purchasable","13":"product-type-variable"},"acf":[],"yoast_head":"<!-- This site is optimized with the Yoast SEO plugin v25.9 - https:\/\/yoast.com\/wordpress\/plugins\/seo\/ -->\n<title>After-Rave Recovery gelis (prie\u0161 mieg\u0105) - Post-Peak<\/title>\n<meta name=\"description\" content=\"After-rave recovery gel before sleep with carefully selected ingredients to support balance, relaxation, and well-being for ravers after an intense night.\" \/>\n<meta name=\"robots\" content=\"index, follow, max-snippet:-1, max-image-preview:large, max-video-preview:-1\" \/>\n<link rel=\"canonical\" href=\"https:\/\/postpeak.abyssoft.tech\/lt\/produktas\/dance-balance-gelis\/\" \/>\n<meta property=\"og:locale\" content=\"lt_LT\" \/>\n<meta property=\"og:type\" content=\"article\" \/>\n<meta property=\"og:title\" content=\"After-Rave Recovery gelis (prie\u0161 mieg\u0105) - Post-Peak\" \/>\n<meta property=\"og:description\" content=\"After-rave recovery gel before sleep with carefully selected ingredients to support balance, relaxation, and well-being for ravers after an intense night.\" \/>\n<meta property=\"og:url\" content=\"https:\/\/postpeak.abyssoft.tech\/lt\/produktas\/dance-balance-gelis\/\" \/>\n<meta property=\"og:site_name\" content=\"Post-Peak\" \/>\n<meta property=\"article:modified_time\" content=\"2025-11-12T16:52:37+00:00\" \/>\n<meta property=\"og:image\" content=\"https:\/\/postpeak.abyssoft.tech\/wp-content\/uploads\/2025\/03\/Dance-Balance-pakuote-horizontali.png\" \/>\n\t<meta property=\"og:image:width\" content=\"1383\" \/>\n\t<meta property=\"og:image:height\" content=\"1157\" \/>\n\t<meta property=\"og:image:type\" content=\"image\/png\" \/>\n<meta name=\"twitter:card\" content=\"summary_large_image\" \/>\n<meta name=\"twitter:label1\" content=\"Numatytas skaitymo laikas\" \/>\n\t<meta name=\"twitter:data1\" content=\"1 minut\u0117\" \/>\n<script type=\"application\/ld+json\" class=\"yoast-schema-graph\">{\"@context\":\"https:\/\/schema.org\",\"@graph\":[{\"@type\":\"WebPage\",\"@id\":\"https:\/\/postpeak.abyssoft.tech\/lt\/produktas\/dance-balance-gelis\/\",\"url\":\"https:\/\/postpeak.abyssoft.tech\/lt\/produktas\/dance-balance-gelis\/\",\"name\":\"After-Rave Recovery gelis (prie\u0161 mieg\u0105) - Post-Peak\",\"isPartOf\":{\"@id\":\"https:\/\/postpeak.abyssoft.tech\/#website\"},\"primaryImageOfPage\":{\"@id\":\"https:\/\/postpeak.abyssoft.tech\/lt\/produktas\/dance-balance-gelis\/#primaryimage\"},\"image\":{\"@id\":\"https:\/\/postpeak.abyssoft.tech\/lt\/produktas\/dance-balance-gelis\/#primaryimage\"},\"thumbnailUrl\":\"https:\/\/postpeak.abyssoft.tech\/wp-content\/uploads\/2025\/03\/Dance-Balance-pakuote-horizontali.png\",\"datePublished\":\"2024-09-19T06:08:25+00:00\",\"dateModified\":\"2025-11-12T16:52:37+00:00\",\"description\":\"After-rave recovery gel before sleep with carefully selected ingredients to support balance, relaxation, and well-being for ravers after an intense night.\",\"breadcrumb\":{\"@id\":\"https:\/\/postpeak.abyssoft.tech\/lt\/produktas\/dance-balance-gelis\/#breadcrumb\"},\"inLanguage\":\"lt-LT\",\"potentialAction\":[{\"@type\":\"ReadAction\",\"target\":[\"https:\/\/postpeak.abyssoft.tech\/lt\/produktas\/dance-balance-gelis\/\"]}]},{\"@type\":\"ImageObject\",\"inLanguage\":\"lt-LT\",\"@id\":\"https:\/\/postpeak.abyssoft.tech\/lt\/produktas\/dance-balance-gelis\/#primaryimage\",\"url\":\"https:\/\/postpeak.abyssoft.tech\/wp-content\/uploads\/2025\/03\/Dance-Balance-pakuote-horizontali.png\",\"contentUrl\":\"https:\/\/postpeak.abyssoft.tech\/wp-content\/uploads\/2025\/03\/Dance-Balance-pakuote-horizontali.png\",\"width\":1383,\"height\":1157},{\"@type\":\"BreadcrumbList\",\"@id\":\"https:\/\/postpeak.abyssoft.tech\/lt\/produktas\/dance-balance-gelis\/#breadcrumb\",\"itemListElement\":[{\"@type\":\"ListItem\",\"position\":1,\"name\":\"Namai\",\"item\":\"https:\/\/postpeak.abyssoft.tech\/lt\/\"},{\"@type\":\"ListItem\",\"position\":2,\"name\":\"Parduotuv\u0117\",\"item\":\"https:\/\/postpeak.abyssoft.tech\/lt\/pparduotuve\/\"},{\"@type\":\"ListItem\",\"position\":3,\"name\":\"After-Rave Recovery gelis (prie\u0161 mieg\u0105)\"}]},{\"@type\":\"WebSite\",\"@id\":\"https:\/\/postpeak.abyssoft.tech\/#website\",\"url\":\"https:\/\/postpeak.abyssoft.tech\/\",\"name\":\"Post-Peak\",\"description\":\"Joki\u0173 pagiri\u0173\",\"potentialAction\":[{\"@type\":\"SearchAction\",\"target\":{\"@type\":\"EntryPoint\",\"urlTemplate\":\"https:\/\/postpeak.abyssoft.tech\/?s={search_term_string}\"},\"query-input\":{\"@type\":\"PropertyValueSpecification\",\"valueRequired\":true,\"valueName\":\"search_term_string\"}}],\"inLanguage\":\"lt-LT\"}]}<\/script>\n<!-- \/ Yoast SEO plugin. -->","yoast_head_json":{"title":"After-Rave Recovery gelis (prie\u0161 mieg\u0105) - Post-Peak","description":"After-rave recovery gel before sleep with carefully selected ingredients to support balance, relaxation, and well-being for ravers after an intense night.","robots":{"index":"index","follow":"follow","max-snippet":"max-snippet:-1","max-image-preview":"max-image-preview:large","max-video-preview":"max-video-preview:-1"},"canonical":"https:\/\/postpeak.abyssoft.tech\/lt\/produktas\/dance-balance-gelis\/","og_locale":"lt_LT","og_type":"article","og_title":"After-Rave Recovery gelis (prie\u0161 mieg\u0105) - Post-Peak","og_description":"After-rave recovery gel before sleep with carefully selected ingredients to support balance, relaxation, and well-being for ravers after an intense night.","og_url":"https:\/\/postpeak.abyssoft.tech\/lt\/produktas\/dance-balance-gelis\/","og_site_name":"Post-Peak","article_modified_time":"2025-11-12T16:52:37+00:00","og_image":[{"width":1383,"height":1157,"url":"https:\/\/postpeak.abyssoft.tech\/wp-content\/uploads\/2025\/03\/Dance-Balance-pakuote-horizontali.png","type":"image\/png"}],"twitter_card":"summary_large_image","twitter_misc":{"Numatytas skaitymo laikas":"1 minut\u0117"},"schema":{"@context":"https:\/\/schema.org","@graph":[{"@type":"WebPage","@id":"https:\/\/postpeak.abyssoft.tech\/lt\/produktas\/dance-balance-gelis\/","url":"https:\/\/postpeak.abyssoft.tech\/lt\/produktas\/dance-balance-gelis\/","name":"After-Rave Recovery gelis (prie\u0161 mieg\u0105) - Post-Peak","isPartOf":{"@id":"https:\/\/postpeak.abyssoft.tech\/#website"},"primaryImageOfPage":{"@id":"https:\/\/postpeak.abyssoft.tech\/lt\/produktas\/dance-balance-gelis\/#primaryimage"},"image":{"@id":"https:\/\/postpeak.abyssoft.tech\/lt\/produktas\/dance-balance-gelis\/#primaryimage"},"thumbnailUrl":"https:\/\/postpeak.abyssoft.tech\/wp-content\/uploads\/2025\/03\/Dance-Balance-pakuote-horizontali.png","datePublished":"2024-09-19T06:08:25+00:00","dateModified":"2025-11-12T16:52:37+00:00","description":"After-rave recovery gel before sleep with carefully selected ingredients to support balance, relaxation, and well-being for ravers after an intense night.","breadcrumb":{"@id":"https:\/\/postpeak.abyssoft.tech\/lt\/produktas\/dance-balance-gelis\/#breadcrumb"},"inLanguage":"lt-LT","potentialAction":[{"@type":"ReadAction","target":["https:\/\/postpeak.abyssoft.tech\/lt\/produktas\/dance-balance-gelis\/"]}]},{"@type":"ImageObject","inLanguage":"lt-LT","@id":"https:\/\/postpeak.abyssoft.tech\/lt\/produktas\/dance-balance-gelis\/#primaryimage","url":"https:\/\/postpeak.abyssoft.tech\/wp-content\/uploads\/2025\/03\/Dance-Balance-pakuote-horizontali.png","contentUrl":"https:\/\/postpeak.abyssoft.tech\/wp-content\/uploads\/2025\/03\/Dance-Balance-pakuote-horizontali.png","width":1383,"height":1157},{"@type":"BreadcrumbList","@id":"https:\/\/postpeak.abyssoft.tech\/lt\/produktas\/dance-balance-gelis\/#breadcrumb","itemListElement":[{"@type":"ListItem","position":1,"name":"Namai","item":"https:\/\/postpeak.abyssoft.tech\/lt\/"},{"@type":"ListItem","position":2,"name":"Parduotuv\u0117","item":"https:\/\/postpeak.abyssoft.tech\/lt\/pparduotuve\/"},{"@type":"ListItem","position":3,"name":"After-Rave Recovery gelis (prie\u0161 mieg\u0105)"}]},{"@type":"WebSite","@id":"https:\/\/postpeak.abyssoft.tech\/#website","url":"https:\/\/postpeak.abyssoft.tech\/","name":"Post-Peak","description":"Joki\u0173 pagiri\u0173","potentialAction":[{"@type":"SearchAction","target":{"@type":"EntryPoint","urlTemplate":"https:\/\/postpeak.abyssoft.tech\/?s={search_term_string}"},"query-input":{"@type":"PropertyValueSpecification","valueRequired":true,"valueName":"search_term_string"}}],"inLanguage":"lt-LT"}]}},"_links":{"self":[{"href":"https:\/\/postpeak.abyssoft.tech\/lt\/wp-json\/wp\/v2\/product\/1452","targetHints":{"allow":["GET"]}}],"collection":[{"href":"https:\/\/postpeak.abyssoft.tech\/lt\/wp-json\/wp\/v2\/product"}],"about":[{"href":"https:\/\/postpeak.abyssoft.tech\/lt\/wp-json\/wp\/v2\/types\/product"}],"wp:featuredmedia":[{"embeddable":true,"href":"https:\/\/postpeak.abyssoft.tech\/lt\/wp-json\/wp\/v2\/media\/1384"}],"wp:attachment":[{"href":"https:\/\/postpeak.abyssoft.tech\/lt\/wp-json\/wp\/v2\/media?parent=1452"}],"wp:term":[{"taxonomy":"product_brand","embeddable":true,"href":"https:\/\/postpeak.abyssoft.tech\/lt\/wp-json\/wp\/v2\/product_brand?post=1452"},{"taxonomy":"product_cat","embeddable":true,"href":"https:\/\/postpeak.abyssoft.tech\/lt\/wp-json\/wp\/v2\/product_cat?post=1452"},{"taxonomy":"product_tag","embeddable":true,"href":"https:\/\/postpeak.abyssoft.tech\/lt\/wp-json\/wp\/v2\/product_tag?post=1452"}],"curies":[{"name":"wp","href":"https:\/\/api.w.org\/{rel}","templated":true}]}}