{"id":1460,"date":"2024-09-19T07:08:31","date_gmt":"2024-09-19T04:08:31","guid":{"rendered":"https:\/\/post-peak.com\/product\/gift-card\/"},"modified":"2025-09-26T12:35:41","modified_gmt":"2025-09-26T09:35:41","slug":"dovanu-kortele","status":"publish","type":"product","link":"https:\/\/postpeak.abyssoft.tech\/lt\/produktas\/dovanu-kortele\/","title":{"rendered":"Dovan\u0173 kuponas"},"content":{"rendered":"","protected":false},"excerpt":{"rendered":"<p>Padovanok ger\u0105 savijaut\u0105 ir pad\u0117k draugams gr\u012f\u017eti \u012f balans\u0105.<\/p>\n<p><em data-start=\"498\" data-end=\"509\">Post-Peak<\/em> dovan\u0173 kortel\u0117 \u2013 dovana tiems, kurie gyvena pilnu tempu. Vakar\u0117liai, festivaliai, afteriai, o v\u0117liau j\u0117g\u0173 reikia dvigubai daugiau. Kortel\u0117 leis jiems pasirinkti, kas pad\u0117s v\u0117l atsistoti ant koj\u0173 ir pakartoti visk\u0105 i\u0161 naujo.<\/p>\n<p>Suteik draugams galimyb\u0119 atrasti produktus, kurie palaiko j\u0173 gyvenimo stili\u0173 ir gr\u0105\u017eina ger\u0105 savijaut\u0105.<\/p>\n","protected":false},"featured_media":1462,"template":"","meta":{"_acf_changed":false},"product_brand":[],"product_cat":[55],"product_tag":[],"class_list":{"0":"post-1460","1":"product","2":"type-product","3":"status-publish","4":"has-post-thumbnail","6":"product_cat-produktai","8":"first","9":"instock","10":"taxable","11":"shipping-taxable","12":"purchasable","13":"product-type-variable"},"acf":[],"yoast_head":"<!-- This site is optimized with the Yoast SEO plugin v25.9 - https:\/\/yoast.com\/wordpress\/plugins\/seo\/ -->\n<title>Dovan\u0173 kuponas - Post-Peak<\/title>\n<meta name=\"description\" content=\"Perfect gift for ravers or festival-goers \u2013 recovery. Help your friends find balance after an intense night out with Post-Peak gift cards.\" \/>\n<meta name=\"robots\" content=\"index, follow, max-snippet:-1, max-image-preview:large, max-video-preview:-1\" \/>\n<link rel=\"canonical\" href=\"https:\/\/postpeak.abyssoft.tech\/lt\/produktas\/dovanu-kortele\/\" \/>\n<meta property=\"og:locale\" content=\"lt_LT\" \/>\n<meta property=\"og:type\" content=\"article\" \/>\n<meta property=\"og:title\" content=\"Dovan\u0173 kuponas - Post-Peak\" \/>\n<meta property=\"og:description\" content=\"Perfect gift for ravers or festival-goers \u2013 recovery. Help your friends find balance after an intense night out with Post-Peak gift cards.\" \/>\n<meta property=\"og:url\" content=\"https:\/\/postpeak.abyssoft.tech\/lt\/produktas\/dovanu-kortele\/\" \/>\n<meta property=\"og:site_name\" content=\"Post-Peak\" \/>\n<meta property=\"article:modified_time\" content=\"2025-09-26T09:35:41+00:00\" \/>\n<meta property=\"og:image\" content=\"https:\/\/postpeak.abyssoft.tech\/wp-content\/uploads\/2024\/09\/7492185-copy-1024x700.png\" \/>\n\t<meta property=\"og:image:width\" content=\"1024\" \/>\n\t<meta property=\"og:image:height\" content=\"700\" \/>\n\t<meta property=\"og:image:type\" content=\"image\/png\" \/>\n<meta name=\"twitter:card\" content=\"summary_large_image\" \/>\n<meta name=\"twitter:label1\" content=\"Numatytas skaitymo laikas\" \/>\n\t<meta name=\"twitter:data1\" content=\"1 minut\u0117\" \/>\n<script type=\"application\/ld+json\" class=\"yoast-schema-graph\">{\"@context\":\"https:\/\/schema.org\",\"@graph\":[{\"@type\":\"WebPage\",\"@id\":\"https:\/\/postpeak.abyssoft.tech\/lt\/produktas\/dovanu-kortele\/\",\"url\":\"https:\/\/postpeak.abyssoft.tech\/lt\/produktas\/dovanu-kortele\/\",\"name\":\"Dovan\u0173 kuponas - Post-Peak\",\"isPartOf\":{\"@id\":\"https:\/\/postpeak.abyssoft.tech\/#website\"},\"primaryImageOfPage\":{\"@id\":\"https:\/\/postpeak.abyssoft.tech\/lt\/produktas\/dovanu-kortele\/#primaryimage\"},\"image\":{\"@id\":\"https:\/\/postpeak.abyssoft.tech\/lt\/produktas\/dovanu-kortele\/#primaryimage\"},\"thumbnailUrl\":\"https:\/\/postpeak.abyssoft.tech\/wp-content\/uploads\/2024\/09\/7492185-copy.png\",\"datePublished\":\"2024-09-19T04:08:31+00:00\",\"dateModified\":\"2025-09-26T09:35:41+00:00\",\"description\":\"Perfect gift for ravers or festival-goers \u2013 recovery. Help your friends find balance after an intense night out with Post-Peak gift cards.\",\"breadcrumb\":{\"@id\":\"https:\/\/postpeak.abyssoft.tech\/lt\/produktas\/dovanu-kortele\/#breadcrumb\"},\"inLanguage\":\"lt-LT\",\"potentialAction\":[{\"@type\":\"ReadAction\",\"target\":[\"https:\/\/postpeak.abyssoft.tech\/lt\/produktas\/dovanu-kortele\/\"]}]},{\"@type\":\"ImageObject\",\"inLanguage\":\"lt-LT\",\"@id\":\"https:\/\/postpeak.abyssoft.tech\/lt\/produktas\/dovanu-kortele\/#primaryimage\",\"url\":\"https:\/\/postpeak.abyssoft.tech\/wp-content\/uploads\/2024\/09\/7492185-copy.png\",\"contentUrl\":\"https:\/\/postpeak.abyssoft.tech\/wp-content\/uploads\/2024\/09\/7492185-copy.png\",\"width\":5705,\"height\":3899},{\"@type\":\"BreadcrumbList\",\"@id\":\"https:\/\/postpeak.abyssoft.tech\/lt\/produktas\/dovanu-kortele\/#breadcrumb\",\"itemListElement\":[{\"@type\":\"ListItem\",\"position\":1,\"name\":\"Namai\",\"item\":\"https:\/\/postpeak.abyssoft.tech\/lt\/\"},{\"@type\":\"ListItem\",\"position\":2,\"name\":\"Parduotuv\u0117\",\"item\":\"https:\/\/postpeak.abyssoft.tech\/lt\/pparduotuve\/\"},{\"@type\":\"ListItem\",\"position\":3,\"name\":\"Dovan\u0173 kuponas\"}]},{\"@type\":\"WebSite\",\"@id\":\"https:\/\/postpeak.abyssoft.tech\/#website\",\"url\":\"https:\/\/postpeak.abyssoft.tech\/\",\"name\":\"Post-Peak\",\"description\":\"Joki\u0173 pagiri\u0173\",\"potentialAction\":[{\"@type\":\"SearchAction\",\"target\":{\"@type\":\"EntryPoint\",\"urlTemplate\":\"https:\/\/postpeak.abyssoft.tech\/?s={search_term_string}\"},\"query-input\":{\"@type\":\"PropertyValueSpecification\",\"valueRequired\":true,\"valueName\":\"search_term_string\"}}],\"inLanguage\":\"lt-LT\"}]}<\/script>\n<!-- \/ Yoast SEO plugin. -->","yoast_head_json":{"title":"Dovan\u0173 kuponas - Post-Peak","description":"Perfect gift for ravers or festival-goers \u2013 recovery. Help your friends find balance after an intense night out with Post-Peak gift cards.","robots":{"index":"index","follow":"follow","max-snippet":"max-snippet:-1","max-image-preview":"max-image-preview:large","max-video-preview":"max-video-preview:-1"},"canonical":"https:\/\/postpeak.abyssoft.tech\/lt\/produktas\/dovanu-kortele\/","og_locale":"lt_LT","og_type":"article","og_title":"Dovan\u0173 kuponas - Post-Peak","og_description":"Perfect gift for ravers or festival-goers \u2013 recovery. Help your friends find balance after an intense night out with Post-Peak gift cards.","og_url":"https:\/\/postpeak.abyssoft.tech\/lt\/produktas\/dovanu-kortele\/","og_site_name":"Post-Peak","article_modified_time":"2025-09-26T09:35:41+00:00","og_image":[{"width":1024,"height":700,"url":"https:\/\/postpeak.abyssoft.tech\/wp-content\/uploads\/2024\/09\/7492185-copy-1024x700.png","type":"image\/png"}],"twitter_card":"summary_large_image","twitter_misc":{"Numatytas skaitymo laikas":"1 minut\u0117"},"schema":{"@context":"https:\/\/schema.org","@graph":[{"@type":"WebPage","@id":"https:\/\/postpeak.abyssoft.tech\/lt\/produktas\/dovanu-kortele\/","url":"https:\/\/postpeak.abyssoft.tech\/lt\/produktas\/dovanu-kortele\/","name":"Dovan\u0173 kuponas - Post-Peak","isPartOf":{"@id":"https:\/\/postpeak.abyssoft.tech\/#website"},"primaryImageOfPage":{"@id":"https:\/\/postpeak.abyssoft.tech\/lt\/produktas\/dovanu-kortele\/#primaryimage"},"image":{"@id":"https:\/\/postpeak.abyssoft.tech\/lt\/produktas\/dovanu-kortele\/#primaryimage"},"thumbnailUrl":"https:\/\/postpeak.abyssoft.tech\/wp-content\/uploads\/2024\/09\/7492185-copy.png","datePublished":"2024-09-19T04:08:31+00:00","dateModified":"2025-09-26T09:35:41+00:00","description":"Perfect gift for ravers or festival-goers \u2013 recovery. Help your friends find balance after an intense night out with Post-Peak gift cards.","breadcrumb":{"@id":"https:\/\/postpeak.abyssoft.tech\/lt\/produktas\/dovanu-kortele\/#breadcrumb"},"inLanguage":"lt-LT","potentialAction":[{"@type":"ReadAction","target":["https:\/\/postpeak.abyssoft.tech\/lt\/produktas\/dovanu-kortele\/"]}]},{"@type":"ImageObject","inLanguage":"lt-LT","@id":"https:\/\/postpeak.abyssoft.tech\/lt\/produktas\/dovanu-kortele\/#primaryimage","url":"https:\/\/postpeak.abyssoft.tech\/wp-content\/uploads\/2024\/09\/7492185-copy.png","contentUrl":"https:\/\/postpeak.abyssoft.tech\/wp-content\/uploads\/2024\/09\/7492185-copy.png","width":5705,"height":3899},{"@type":"BreadcrumbList","@id":"https:\/\/postpeak.abyssoft.tech\/lt\/produktas\/dovanu-kortele\/#breadcrumb","itemListElement":[{"@type":"ListItem","position":1,"name":"Namai","item":"https:\/\/postpeak.abyssoft.tech\/lt\/"},{"@type":"ListItem","position":2,"name":"Parduotuv\u0117","item":"https:\/\/postpeak.abyssoft.tech\/lt\/pparduotuve\/"},{"@type":"ListItem","position":3,"name":"Dovan\u0173 kuponas"}]},{"@type":"WebSite","@id":"https:\/\/postpeak.abyssoft.tech\/#website","url":"https:\/\/postpeak.abyssoft.tech\/","name":"Post-Peak","description":"Joki\u0173 pagiri\u0173","potentialAction":[{"@type":"SearchAction","target":{"@type":"EntryPoint","urlTemplate":"https:\/\/postpeak.abyssoft.tech\/?s={search_term_string}"},"query-input":{"@type":"PropertyValueSpecification","valueRequired":true,"valueName":"search_term_string"}}],"inLanguage":"lt-LT"}]}},"_links":{"self":[{"href":"https:\/\/postpeak.abyssoft.tech\/lt\/wp-json\/wp\/v2\/product\/1460","targetHints":{"allow":["GET"]}}],"collection":[{"href":"https:\/\/postpeak.abyssoft.tech\/lt\/wp-json\/wp\/v2\/product"}],"about":[{"href":"https:\/\/postpeak.abyssoft.tech\/lt\/wp-json\/wp\/v2\/types\/product"}],"wp:featuredmedia":[{"embeddable":true,"href":"https:\/\/postpeak.abyssoft.tech\/lt\/wp-json\/wp\/v2\/media\/1462"}],"wp:attachment":[{"href":"https:\/\/postpeak.abyssoft.tech\/lt\/wp-json\/wp\/v2\/media?parent=1460"}],"wp:term":[{"taxonomy":"product_brand","embeddable":true,"href":"https:\/\/postpeak.abyssoft.tech\/lt\/wp-json\/wp\/v2\/product_brand?post=1460"},{"taxonomy":"product_cat","embeddable":true,"href":"https:\/\/postpeak.abyssoft.tech\/lt\/wp-json\/wp\/v2\/product_cat?post=1460"},{"taxonomy":"product_tag","embeddable":true,"href":"https:\/\/postpeak.abyssoft.tech\/lt\/wp-json\/wp\/v2\/product_tag?post=1460"}],"curies":[{"name":"wp","href":"https:\/\/api.w.org\/{rel}","templated":true}]}}